{"id":171,"date":"2016-10-30T12:40:41","date_gmt":"2016-10-30T11:40:41","guid":{"rendered":"https:\/\/oceanwp.org\/travel\/?page_id=171"},"modified":"2023-07-12T16:29:14","modified_gmt":"2023-07-12T14:29:14","slug":"home","status":"publish","type":"page","link":"https:\/\/lesquenouilles.fr\/","title":{"rendered":"Accueil"},"content":{"rendered":"\t\t<div data-elementor-type=\"wp-page\" data-elementor-id=\"171\" class=\"elementor elementor-171\">\n\t\t\t\t\t\t\t\t\t<section class=\"elementor-section elementor-top-section elementor-element elementor-element-xzv1c7c elementor-section-boxed elementor-section-height-default elementor-section-height-default\" data-id=\"xzv1c7c\" data-element_type=\"section\" data-settings=\"{&quot;background_background&quot;:&quot;classic&quot;}\">\n\t\t\t\t\t\t<div class=\"elementor-container elementor-column-gap-default\">\n\t\t\t\t\t<div class=\"elementor-column elementor-col-50 elementor-top-column elementor-element elementor-element-1m6w5cw\" data-id=\"1m6w5cw\" data-element_type=\"column\" data-settings=\"{&quot;background_background&quot;:&quot;classic&quot;}\">\n\t\t\t<div class=\"elementor-widget-wrap elementor-element-populated\">\n\t\t\t\t\t\t\t\t<div class=\"elementor-element elementor-element-e5psqw1 elementor-widget elementor-widget-heading\" data-id=\"e5psqw1\" data-element_type=\"widget\" data-widget_type=\"heading.default\">\n\t\t\t\t<div class=\"elementor-widget-container\">\n\t\t\t<h1 class=\"elementor-heading-title elementor-size-default\">Venez partager notre vie....<\/h1>\t\t<\/div>\n\t\t\t\t<\/div>\n\t\t\t\t<div class=\"elementor-element elementor-element-12ayfq6 elementor-widget elementor-widget-text-editor\" data-id=\"12ayfq6\" data-element_type=\"widget\" data-widget_type=\"text-editor.default\">\n\t\t\t\t<div class=\"elementor-widget-container\">\n\t\t\t\t\t\t\t<p>Bienvenue sur le site de la tribu LesQuenouilles. Venez r\u00e9guli\u00e8rement ici pour d\u00e9couvrir nos astuces, nos plaisirs, nos voyages et la vie de notre tribu<\/p>\t\t\t\t\t\t<\/div>\n\t\t\t\t<\/div>\n\t\t\t\t<div class=\"elementor-element elementor-element-gydt3kn elementor-widget elementor-widget-button\" data-id=\"gydt3kn\" data-element_type=\"widget\" data-widget_type=\"button.default\">\n\t\t\t\t<div class=\"elementor-widget-container\">\n\t\t\t\t\t<div class=\"elementor-button-wrapper\">\n\t\t\t<a class=\"elementor-button elementor-button-link elementor-size-sm\" href=\"https:\/\/lesquenouilles.fr\/index.php\/blog\/\">\n\t\t\t\t\t\t<span class=\"elementor-button-content-wrapper\">\n\t\t\t\t\t\t<span class=\"elementor-button-icon elementor-align-icon-right\">\n\t\t\t\t<i aria-hidden=\"true\" class=\"fas fa-angle-right\"><\/i>\t\t\t<\/span>\n\t\t\t\t\t\t<span class=\"elementor-button-text\">Cliquez ici pour d\u00e9marrer<\/span>\n\t\t<\/span>\n\t\t\t\t\t<\/a>\n\t\t<\/div>\n\t\t\t\t<\/div>\n\t\t\t\t<\/div>\n\t\t\t\t\t<\/div>\n\t\t<\/div>\n\t\t\t\t<div class=\"elementor-column elementor-col-50 elementor-top-column elementor-element elementor-element-5pbrfdr\" data-id=\"5pbrfdr\" data-element_type=\"column\">\n\t\t\t<div class=\"elementor-widget-wrap\">\n\t\t\t\t\t\t\t\t\t<\/div>\n\t\t<\/div>\n\t\t\t\t\t\t\t<\/div>\n\t\t<\/section>\n\t\t\t\t<section class=\"elementor-section elementor-top-section elementor-element elementor-element-60e3w3i elementor-section-full_width elementor-section-height-default elementor-section-height-default\" data-id=\"60e3w3i\" data-element_type=\"section\">\n\t\t\t\t\t\t<div class=\"elementor-container elementor-column-gap-default\">\n\t\t\t\t\t<div class=\"elementor-column elementor-col-100 elementor-top-column elementor-element elementor-element-9b1g2rt\" data-id=\"9b1g2rt\" data-element_type=\"column\">\n\t\t\t<div class=\"elementor-widget-wrap elementor-element-populated\">\n\t\t\t\t\t\t\t\t<div class=\"elementor-element elementor-element-tzdl3u2 elementor-align-center full-btn elementor-widget elementor-widget-button\" data-id=\"tzdl3u2\" data-element_type=\"widget\" data-widget_type=\"button.default\">\n\t\t\t\t<div class=\"elementor-widget-container\">\n\t\t\t\t\t<div class=\"elementor-button-wrapper\">\n\t\t\t<a class=\"elementor-button elementor-button-link elementor-size-sm\" href=\"https:\/\/lesquenouilles.fr\/index.php\/blog\/\">\n\t\t\t\t\t\t<span class=\"elementor-button-content-wrapper\">\n\t\t\t\t\t\t<span class=\"elementor-button-text\">D\u00e9couvrez en plus en visitant le blog<\/span>\n\t\t<\/span>\n\t\t\t\t\t<\/a>\n\t\t<\/div>\n\t\t\t\t<\/div>\n\t\t\t\t<\/div>\n\t\t\t\t\t<\/div>\n\t\t<\/div>\n\t\t\t\t\t\t\t<\/div>\n\t\t<\/section>\n\t\t\t\t\t\t\t<\/div>\n\t\t","protected":false},"excerpt":{"rendered":"<p>Venez partager notre vie&#8230;. Bienvenue sur le site de la tribu LesQuenouilles. Venez r\u00e9guli\u00e8rement ici pour d\u00e9couvrir nos astuces, nos plaisirs, nos voyages et la vie de notre tribu Cliquez ici pour d\u00e9marrer D\u00e9couvrez en plus en visitant le blog<\/p>\n","protected":false},"author":1,"featured_media":0,"parent":0,"menu_order":0,"comment_status":"closed","ping_status":"closed","template":"elementor_header_footer","meta":[],"_links":{"self":[{"href":"https:\/\/lesquenouilles.fr\/index.php\/wp-json\/wp\/v2\/pages\/171"}],"collection":[{"href":"https:\/\/lesquenouilles.fr\/index.php\/wp-json\/wp\/v2\/pages"}],"about":[{"href":"https:\/\/lesquenouilles.fr\/index.php\/wp-json\/wp\/v2\/types\/page"}],"author":[{"embeddable":true,"href":"https:\/\/lesquenouilles.fr\/index.php\/wp-json\/wp\/v2\/users\/1"}],"replies":[{"embeddable":true,"href":"https:\/\/lesquenouilles.fr\/index.php\/wp-json\/wp\/v2\/comments?post=171"}],"version-history":[{"count":9,"href":"https:\/\/lesquenouilles.fr\/index.php\/wp-json\/wp\/v2\/pages\/171\/revisions"}],"predecessor-version":[{"id":742,"href":"https:\/\/lesquenouilles.fr\/index.php\/wp-json\/wp\/v2\/pages\/171\/revisions\/742"}],"wp:attachment":[{"href":"https:\/\/lesquenouilles.fr\/index.php\/wp-json\/wp\/v2\/media?parent=171"}],"curies":[{"name":"wp","href":"https:\/\/api.w.org\/{rel}","templated":true}]}}